{"id":12319,"date":"2023-03-19T23:00:07","date_gmt":"2023-03-19T22:00:07","guid":{"rendered":"https:\/\/kosovaideas.com\/our-rules\/"},"modified":"2023-07-06T08:27:23","modified_gmt":"2023-07-06T07:27:23","slug":"our-rules","status":"publish","type":"page","link":"https:\/\/kosovaideas.com\/sq\/our-rules\/","title":{"rendered":"Rregullat tona"},"content":{"rendered":"\t\t<div data-elementor-type=\"wp-page\" data-elementor-id=\"12319\" class=\"elementor elementor-12319\" data-elementor-post-type=\"page\">\n\t\t\t\t\t\t<section class=\"elementor-section elementor-top-section elementor-element elementor-element-500e0f2a elementor-section-boxed elementor-section-height-default elementor-section-height-default\" data-id=\"500e0f2a\" data-element_type=\"section\" data-e-type=\"section\">\n\t\t\t\t\t\t<div class=\"elementor-container elementor-column-gap-default\">\n\t\t\t\t\t<div class=\"elementor-column elementor-col-100 elementor-top-column elementor-element elementor-element-70cc4469\" data-id=\"70cc4469\" data-element_type=\"column\" data-e-type=\"column\">\n\t\t\t<div class=\"elementor-widget-wrap elementor-element-populated\">\n\t\t\t\t\t\t<div class=\"elementor-element elementor-element-2f447f08 elementor-widget elementor-widget-text-editor\" data-id=\"2f447f08\" data-element_type=\"widget\" data-e-type=\"widget\" data-widget_type=\"text-editor.default\">\n\t\t\t\t<div class=\"elementor-widget-container\">\n\t\t\t\t\t\t\t\t\t<ul><li style=\"text-align: justify;\"><ul><li aria-level=\"1\">Ju duhet t\u00eb vendosni nj\u00eb objektiv \/ target t\u00eb financimit dhe shuma duhet t\u2019i mbuloj\u00eb plot\u00ebsisht t\u00eb gjitha nevojat financiare p\u00ebr t\u00eb zbatuar projektin tuaj si\u00e7 \u00ebsht\u00eb planifikuar. N\u00ebse nj\u00eb projekt nuk arrin 35% t\u00eb objektivit t\u00eb saj t\u00eb financimit brenda 15 dit\u00ebve t\u00eb para t\u00eb fushat\u00ebs tuaj, fushata e projektit do t\u00eb ndalet dhe do te arkivohet si E D\u00cbSHTUAR nd\u00ebrsa mjetet e mbledhura do t\u00eb\u00a0shp\u00ebrndahen nga KOSOVA ideas te projektet tjera aktuale.\u00a0<\/li><li aria-level=\"1\">Koh\u00ebzgjatja e plot\u00eb e nj\u00eb fushate \u00ebsht\u00eb fiks 45 dit\u00eb p\u00ebr \u00e7do projekt.<\/li><li aria-level=\"1\">Materiali n\u00eb\u00a0platform\u00eb\u00a0duhet t\u00eb\u00a0ngarkohet 1 ose 2 muaj para dat\u00ebs s\u00eb\u00a0publikimit t\u00eb\u00a0fushat\u00ebs. N\u00eb\u00a0m\u00ebnyre q\u00eb\u00a0edhe bordi editorial t\u00eb\u00a0ket\u00eb\u00a0koh\u00eb\u00a0t\u00eb\u00a0mjaftueshme p\u00ebr k\u00ebshilla dhe sygjerime. Mbani n\u00eb\u00a0mend se fushata juaj ka 45 dit\u00eb\u00a0p\u00ebr t\u00eb\u00a0mbledhur fondet, prandaj koha e fushat\u00ebs duhet planifikuar n\u00eb p\u00ebrputhje me rrethana.<\/li><li aria-level=\"1\">Q\u00ebllimi i financimit duhet t\u00eb jet\u00eb\u00a0koherent me q\u00ebllimin e projektit, por edhe realist dhe 100% i arritsh\u00ebm n\u00eb\u00a0funksion me numrin e mb\u00ebshtet\u00ebsve q\u00eb\u00a0mund t\u00eb\u00a0t\u00ebrheqe fushata, si dhe shumave q\u00eb\u00a0mund t\u00eb\u00a0zgjedhin p\u00ebr ta mb\u00ebshtetur at\u00eb. P\u00ebr shuma mbi 4&#8217;000 EURO, iniciator\u00ebt e projektit duhet t\u00eb\u00a0sigurojn\u00eb\u00a0angazhimin formal t\u00eb\u00a0s\u00eb\u00a0paku nj\u00eb\u00a0mb\u00ebshtet\u00ebsi t\u00eb\u00a0r\u00ebnd\u00ebsish\u00ebm ose partneri kurator\u00eb\u00a0para publikimit t\u00eb\u00a0fushat\u00ebs. Bazuar n\u00eb\u00a0p\u00ebrvoj\u00ebn ton\u00eb\u00a0si KOSOVA ideas, n\u00eb\u00a0m\u00ebnyr\u00eb\u00a0q\u00eb\u00a0nj\u00eb\u00a0fushat\u00eb\u00a0t\u00eb jet\u00eb\u00a0e suksesshme, duhet t\u00eb\u00a0mbulohen minimum 25% nga partner\u00ebt kurator\u00eb\u00a0ose nga disa mb\u00ebshtet\u00ebs t\u00eb\u00a0m\u00ebdhenj, si dhe t\u00eb\u00a0ket\u00eb\u00a0s\u00eb\u00a0paku 100 mb\u00ebshtet\u00ebs p\u00ebr ta plot\u00ebsuar bilancin. P\u00ebr shumat mbi 8&#8217;000 EURO, fushata duhet t\u00eb\u00a0ket\u00eb\u00a0dy partner\u00eb\u00a0kurator\u00eb\u00a0dhe p\u00ebr shuma mbi 16&#8217;000 EURO duhet t\u00eb\u00a0ket\u00eb\u00a0tre partner\u00eb\u00a0kurator\u00eb\u00a0t\u00eb\u00a0angazhuar paraprakisht ose sponzor\u00eb\u00a0t\u00eb\u00a0r\u00ebnd\u00ebsish\u00ebm.\u00a0<\/li><li aria-level=\"1\">N\u00ebse nj\u00eb projekt arrin ose kalon 35% t\u00eb\u00a0objektivit t\u00eb financimit brenda 15 dit\u00ebve t\u00eb para, iniciator\u00ebt apo pronar\u00ebt e projektit marrin shum\u00ebn e paguar gjat\u00eb gjith\u00eb fushat\u00ebs minus 10% (6% pagesa e sh\u00ebrbimit, 4% pagesat e transaksioneve).<\/li><li aria-level=\"1\">Projektet q\u00eb p\u00ebrfshijn\u00eb investimet financiare, projekte te egos, projekte p\u00ebr t\u00eb promovuar politik\u00ebn, nj\u00eb ideologji apo fe, si dhe ndihm\u00eb zhvillimore dhe projekte t\u00eb ndihm\u00ebs t\u00eb lidhura me fatkeq\u00ebsi nuk do t\u00eb pranohen.<\/li><li aria-level=\"1\">Bordi redaktorial ka t\u00eb drejt\u00eb t\u00eb refuzoj\u00eb projekte, kur ato nuk jan\u00eb n\u00eb p\u00ebrputhje me udh\u00ebzimet tona ose n\u00ebse projekti nuk \u00ebsht\u00eb i p\u00ebrshtatsh\u00ebm p\u00ebr ndonj\u00eb arsye tjet\u00ebr. Bordi redaktorial mund t\u00eb ndaloj\u00eb dhe t\u00eb fshij\u00eb \u00e7do projekt n\u00eb qoft\u00eb se udh\u00ebzimet shkelen ose n\u00ebse projekti \u00ebsht\u00eb n\u00eb shkelje me Kushtet e P\u00ebrgjithshme.<\/li><li aria-level=\"1\">Ekipi redaktorial rezervon t\u00eb drejt\u00ebn p\u00ebr t\u00eb redaktuar imazhin apo fotografin\u00eb e projektit, titullin dhe tekstin\u00a0kryesor. Imazhet e projektit q\u00eb p\u00ebrmbajn\u00eb tekst nuk mund t\u00eb pranohet.<\/li><li aria-level=\"1\">Projektet nuk duhet t\u00eb publikohen n\u00eb platforma t\u00eb tjera t\u00eb crowdfunding-ut n\u00eb t\u00eb nj\u00ebjt\u00ebn koh\u00eb.<\/li><li aria-level=\"1\">Objektivi i financimit dhe p\u00ebrmbajtja e projektit nuk mund t\u00eb ndryshohet pas momentit t\u00eb publikimit t\u00eb projektit online.<\/li><li aria-level=\"1\">Nuk \u00ebsht\u00eb e mundur q\u00eb\u00a0iniciator\u00ebt e projektit t\u00eb ndalin projektet e tyre para kohe dhe as nuk mund t\u2019i fshijn\u00eb projektet pasi fushata t\u00eb ket\u00eb p\u00ebrfunduar.<\/li><li aria-level=\"1\">Iniciator\u00ebt e projekteve t\u00eb KOSOVA ideas jan\u00eb plot\u00ebsisht p\u00ebrgjegj\u00ebs p\u00ebr planifikimin dhe menaxhimin e fushat\u00ebs s\u00eb tyre, zbatimin e projektit dhe komunikimin me mb\u00ebshtet\u00ebsit.<\/li><li aria-level=\"1\">T\u00eb dh\u00ebnat e mbrojtura nga t\u00eb drejtat autoriale nuk duhet t\u00eb publikohen p\u00ebrve\u00e7 n\u00ebse iniciator\u00ebt e projektit posedojn\u00eb t\u00eb drejtat e nevojshme t\u00eb p\u00ebrdorimit.<\/li><li aria-level=\"1\">Ndalohet shp\u00ebrndarja e informacioneve shpif\u00ebse, fyese ose t\u00eb paligjshme. N\u00eb ve\u00e7anti, informacionet pornografike, raciste ose me p\u00ebrmbajtje t\u00eb ngjashme nuk duhet t\u00eb publikohen.<\/li><li aria-level=\"1\">Iniciator\u00ebt e projektit jan\u00eb pronar\u00ebt ekskluziv t\u00eb\u00a0t\u00eb drejtave q\u00eb\u00a0kan\u00eb t\u00eb b\u00ebjn\u00eb me k\u00ebt\u00eb projekt.<\/li><li aria-level=\"1\">N\u00ebqofte se q\u00ebllimi financiar \u00ebsht\u00eb mbi 2500 euro, at\u00ebher\u00eb pronar\u00ebt e projektit kan\u00eb nj\u00eb OJQ t\u00eb tyre me t\u00eb cil\u00ebn e prezantojn\u00eb fushat\u00ebn ose ata bashk\u00ebpunojn\u00eb n\u00eb m\u00ebnyr\u00eb t\u00eb qart\u00eb p\u00ebr k\u00ebt\u00eb projekt\/fushat\u00eb specifike me nj\u00eb OJQ n\u00eb Kosov\u00eb dhe shuma do t&#8217;i transferohet k\u00ebsaj OJQ-je, e cila m\u00eb pas siguron fondet p\u00ebr pronar\u00ebt e projektit.<\/li><\/ul><ul><li aria-level=\"1\">Projekti pa buxhet vler\u00ebsohet se \u00ebsht\u00eb n\u00eb proces e sip\u00ebr dhe ende nuk \u00ebsht\u00eb gati p\u00ebr t&#8217;u publikuar. Buxheti i projektit duhet t\u00eb tregoj\u00eb shfryt\u00ebzimin e fondeve n\u00eb detaje t\u00eb mjaftueshme, n\u00eb m\u00ebnyr\u00eb q\u00eb t\u00eb jet\u00eb sa m\u00eb transparent dhe bind\u00ebs p\u00ebr mb\u00ebshtet\u00ebsit financiar. Shpenzimet p\u00ebr pagat e rregullta p\u00ebr an\u00ebtar\u00ebt e ekipit, qiraja, shpenzimet e zyrave, shpenzimet e p\u00ebrgjithshme, etj zakonisht nuk mb\u00ebshteten nga mb\u00ebshtet\u00ebsit tan\u00eb. Shkarkoni struktur\u00ebn e buxhetit n\u00eb m\u00ebnyr\u00eb q\u00eb t\u00eb p\u00ebrmendni sakt\u00eb tarifat e transaksioneve dhe platform\u00ebs prej 10% nga fondet e mbledhura: <a href=\"https:\/\/kosovaideas.com\/wp-content\/uploads\/2023\/03\/Budget_Template-KI2023.xlsx\"><strong>Tabela e Buxhetit<\/strong><\/a><\/li><\/ul><\/li><\/ul>\t\t\t\t\t\t\t\t<\/div>\n\t\t\t\t<\/div>\n\t\t\t\t\t<\/div>\n\t\t<\/div>\n\t\t\t\t\t<\/div>\n\t\t<\/section>\n\t\t\t\t<\/div>\n\t\t","protected":false},"excerpt":{"rendered":"<p>Ju duhet t\u00eb vendosni nj\u00eb objektiv \/ target t\u00eb financimit dhe shuma duhet t\u2019i mbuloj\u00eb plot\u00ebsisht t\u00eb gjitha nevojat financiare p\u00ebr t\u00eb zbatuar projektin tuaj si\u00e7 \u00ebsht\u00eb planifikuar. N\u00ebse nj\u00eb projekt nuk arrin 35% t\u00eb objektivit t\u00eb saj t\u00eb financimit brenda 15 dit\u00ebve t\u00eb para t\u00eb fushat\u00ebs tuaj, fushata e projektit do t\u00eb ndalet dhe [&hellip;]<\/p>\n","protected":false},"author":1,"featured_media":0,"parent":0,"menu_order":0,"comment_status":"closed","ping_status":"open","template":"","meta":{"_acf_changed":false,"footnotes":""},"class_list":["post-12319","page","type-page","status-publish","hentry"],"acf":[],"yoast_head":"<!-- This site is optimized with the Yoast SEO plugin v27.4 - https:\/\/yoast.com\/product\/yoast-seo-wordpress\/ -->\n<title>Rregullat tona - KOSOVA ideas<\/title>\n<meta name=\"robots\" content=\"index, follow, max-snippet:-1, max-image-preview:large, max-video-preview:-1\" \/>\n<link rel=\"canonical\" href=\"https:\/\/kosovaideas.com\/sq\/our-rules\/\" \/>\n<meta property=\"og:locale\" content=\"sq_AL\" \/>\n<meta property=\"og:type\" content=\"article\" \/>\n<meta property=\"og:title\" content=\"Rregullat tona - KOSOVA ideas\" \/>\n<meta property=\"og:description\" content=\"Ju duhet t\u00eb vendosni nj\u00eb objektiv \/ target t\u00eb financimit dhe shuma duhet t\u2019i mbuloj\u00eb plot\u00ebsisht t\u00eb gjitha nevojat financiare p\u00ebr t\u00eb zbatuar projektin tuaj si\u00e7 \u00ebsht\u00eb planifikuar. N\u00ebse nj\u00eb projekt nuk arrin 35% t\u00eb objektivit t\u00eb saj t\u00eb financimit brenda 15 dit\u00ebve t\u00eb para t\u00eb fushat\u00ebs tuaj, fushata e projektit do t\u00eb ndalet dhe [&hellip;]\" \/>\n<meta property=\"og:url\" content=\"https:\/\/kosovaideas.com\/sq\/our-rules\/\" \/>\n<meta property=\"og:site_name\" content=\"KOSOVA ideas\" \/>\n<meta property=\"article:modified_time\" content=\"2023-07-06T07:27:23+00:00\" \/>\n<meta name=\"twitter:card\" content=\"summary_large_image\" \/>\n<meta name=\"twitter:label1\" content=\"Est. reading time\" \/>\n\t<meta name=\"twitter:data1\" content=\"4 minutes\" \/>\n<script type=\"application\/ld+json\" class=\"yoast-schema-graph\">{\"@context\":\"https:\\\/\\\/schema.org\",\"@graph\":[{\"@type\":\"WebPage\",\"@id\":\"https:\\\/\\\/kosovaideas.com\\\/sq\\\/our-rules\\\/\",\"url\":\"https:\\\/\\\/kosovaideas.com\\\/sq\\\/our-rules\\\/\",\"name\":\"Rregullat tona - KOSOVA ideas\",\"isPartOf\":{\"@id\":\"https:\\\/\\\/kosovaideas.com\\\/#website\"},\"datePublished\":\"2023-03-19T22:00:07+00:00\",\"dateModified\":\"2023-07-06T07:27:23+00:00\",\"breadcrumb\":{\"@id\":\"https:\\\/\\\/kosovaideas.com\\\/sq\\\/our-rules\\\/#breadcrumb\"},\"inLanguage\":\"sq-AL\",\"potentialAction\":[{\"@type\":\"ReadAction\",\"target\":[\"https:\\\/\\\/kosovaideas.com\\\/sq\\\/our-rules\\\/\"]}]},{\"@type\":\"BreadcrumbList\",\"@id\":\"https:\\\/\\\/kosovaideas.com\\\/sq\\\/our-rules\\\/#breadcrumb\",\"itemListElement\":[{\"@type\":\"ListItem\",\"position\":1,\"name\":\"Home\",\"item\":\"https:\\\/\\\/kosovaideas.com\\\/\"},{\"@type\":\"ListItem\",\"position\":2,\"name\":\"Rregullat tona\"}]},{\"@type\":\"WebSite\",\"@id\":\"https:\\\/\\\/kosovaideas.com\\\/#website\",\"url\":\"https:\\\/\\\/kosovaideas.com\\\/\",\"name\":\"KOSOVA ideas\",\"description\":\"\",\"publisher\":{\"@id\":\"https:\\\/\\\/kosovaideas.com\\\/#organization\"},\"potentialAction\":[{\"@type\":\"SearchAction\",\"target\":{\"@type\":\"EntryPoint\",\"urlTemplate\":\"https:\\\/\\\/kosovaideas.com\\\/?s={search_term_string}\"},\"query-input\":{\"@type\":\"PropertyValueSpecification\",\"valueRequired\":true,\"valueName\":\"search_term_string\"}}],\"inLanguage\":\"sq-AL\"},{\"@type\":\"Organization\",\"@id\":\"https:\\\/\\\/kosovaideas.com\\\/#organization\",\"name\":\"KOSOVA ideas\",\"url\":\"https:\\\/\\\/kosovaideas.com\\\/\",\"logo\":{\"@type\":\"ImageObject\",\"inLanguage\":\"sq-AL\",\"@id\":\"https:\\\/\\\/kosovaideas.com\\\/#\\\/schema\\\/logo\\\/image\\\/\",\"url\":\"https:\\\/\\\/kosovaideas.com\\\/wp-content\\\/uploads\\\/2023\\\/03\\\/KosovaIdeas_Primary_Logo_Horizontal.png\",\"contentUrl\":\"https:\\\/\\\/kosovaideas.com\\\/wp-content\\\/uploads\\\/2023\\\/03\\\/KosovaIdeas_Primary_Logo_Horizontal.png\",\"width\":1767,\"height\":300,\"caption\":\"KOSOVA ideas\"},\"image\":{\"@id\":\"https:\\\/\\\/kosovaideas.com\\\/#\\\/schema\\\/logo\\\/image\\\/\"}}]}<\/script>\n<!-- \/ Yoast SEO plugin. -->","yoast_head_json":{"title":"Rregullat tona - KOSOVA ideas","robots":{"index":"index","follow":"follow","max-snippet":"max-snippet:-1","max-image-preview":"max-image-preview:large","max-video-preview":"max-video-preview:-1"},"canonical":"https:\/\/kosovaideas.com\/sq\/our-rules\/","og_locale":"sq_AL","og_type":"article","og_title":"Rregullat tona - KOSOVA ideas","og_description":"Ju duhet t\u00eb vendosni nj\u00eb objektiv \/ target t\u00eb financimit dhe shuma duhet t\u2019i mbuloj\u00eb plot\u00ebsisht t\u00eb gjitha nevojat financiare p\u00ebr t\u00eb zbatuar projektin tuaj si\u00e7 \u00ebsht\u00eb planifikuar. N\u00ebse nj\u00eb projekt nuk arrin 35% t\u00eb objektivit t\u00eb saj t\u00eb financimit brenda 15 dit\u00ebve t\u00eb para t\u00eb fushat\u00ebs tuaj, fushata e projektit do t\u00eb ndalet dhe [&hellip;]","og_url":"https:\/\/kosovaideas.com\/sq\/our-rules\/","og_site_name":"KOSOVA ideas","article_modified_time":"2023-07-06T07:27:23+00:00","twitter_card":"summary_large_image","twitter_misc":{"Est. reading time":"4 minutes"},"schema":{"@context":"https:\/\/schema.org","@graph":[{"@type":"WebPage","@id":"https:\/\/kosovaideas.com\/sq\/our-rules\/","url":"https:\/\/kosovaideas.com\/sq\/our-rules\/","name":"Rregullat tona - KOSOVA ideas","isPartOf":{"@id":"https:\/\/kosovaideas.com\/#website"},"datePublished":"2023-03-19T22:00:07+00:00","dateModified":"2023-07-06T07:27:23+00:00","breadcrumb":{"@id":"https:\/\/kosovaideas.com\/sq\/our-rules\/#breadcrumb"},"inLanguage":"sq-AL","potentialAction":[{"@type":"ReadAction","target":["https:\/\/kosovaideas.com\/sq\/our-rules\/"]}]},{"@type":"BreadcrumbList","@id":"https:\/\/kosovaideas.com\/sq\/our-rules\/#breadcrumb","itemListElement":[{"@type":"ListItem","position":1,"name":"Home","item":"https:\/\/kosovaideas.com\/"},{"@type":"ListItem","position":2,"name":"Rregullat tona"}]},{"@type":"WebSite","@id":"https:\/\/kosovaideas.com\/#website","url":"https:\/\/kosovaideas.com\/","name":"KOSOVA ideas","description":"","publisher":{"@id":"https:\/\/kosovaideas.com\/#organization"},"potentialAction":[{"@type":"SearchAction","target":{"@type":"EntryPoint","urlTemplate":"https:\/\/kosovaideas.com\/?s={search_term_string}"},"query-input":{"@type":"PropertyValueSpecification","valueRequired":true,"valueName":"search_term_string"}}],"inLanguage":"sq-AL"},{"@type":"Organization","@id":"https:\/\/kosovaideas.com\/#organization","name":"KOSOVA ideas","url":"https:\/\/kosovaideas.com\/","logo":{"@type":"ImageObject","inLanguage":"sq-AL","@id":"https:\/\/kosovaideas.com\/#\/schema\/logo\/image\/","url":"https:\/\/kosovaideas.com\/wp-content\/uploads\/2023\/03\/KosovaIdeas_Primary_Logo_Horizontal.png","contentUrl":"https:\/\/kosovaideas.com\/wp-content\/uploads\/2023\/03\/KosovaIdeas_Primary_Logo_Horizontal.png","width":1767,"height":300,"caption":"KOSOVA ideas"},"image":{"@id":"https:\/\/kosovaideas.com\/#\/schema\/logo\/image\/"}}]}},"wpcf_dashboard":"<div class=\"woocommerce\"><div class=\"woocommerce-info\">Please log in first? <a class=\"wpneoShowLogin\" href=\"#\">Click here to login<\/a><\/div><div class=\"wpneo_login_form_div\" style=\"display: none;\"><form name=\"loginform\" id=\"loginform\" action=\"https:\/\/kosovaideas.com\/sq\/wp-login.php\" method=\"post\"><p class=\"login-username\">\n\t\t\t\t<label for=\"user_login\">Username or Email Address<\/label>\n\t\t\t\t<input type=\"text\" name=\"log\" id=\"user_login\" autocomplete=\"username\" class=\"input\" value=\"\" size=\"20\" \/>\n\t\t\t<\/p><p class=\"login-password\">\n\t\t\t\t<label for=\"user_pass\">Password<\/label>\n\t\t\t\t<input type=\"password\" name=\"pwd\" id=\"user_pass\" autocomplete=\"current-password\" spellcheck=\"false\" class=\"input\" value=\"\" size=\"20\" \/>\n\t\t\t<\/p><p class=\"login-remember\"><label><input name=\"rememberme\" type=\"checkbox\" id=\"rememberme\" value=\"forever\" \/> Remember Me<\/label><\/p><p class=\"login-submit\">\n\t\t\t\t<input type=\"submit\" name=\"wp-submit\" id=\"wp-submit\" class=\"button button-primary\" value=\"Log In\" \/>\n\t\t\t\t<input type=\"hidden\" name=\"redirect_to\" value=\"https:\/\/kosovaideas.com\/sq\/wp-json\/wp\/v2\/pages\/12319\" \/>\n\t\t\t<\/p><\/form><\/div><\/div>","_links":{"self":[{"href":"https:\/\/kosovaideas.com\/sq\/wp-json\/wp\/v2\/pages\/12319","targetHints":{"allow":["GET"]}}],"collection":[{"href":"https:\/\/kosovaideas.com\/sq\/wp-json\/wp\/v2\/pages"}],"about":[{"href":"https:\/\/kosovaideas.com\/sq\/wp-json\/wp\/v2\/types\/page"}],"author":[{"embeddable":true,"href":"https:\/\/kosovaideas.com\/sq\/wp-json\/wp\/v2\/users\/1"}],"replies":[{"embeddable":true,"href":"https:\/\/kosovaideas.com\/sq\/wp-json\/wp\/v2\/comments?post=12319"}],"version-history":[{"count":6,"href":"https:\/\/kosovaideas.com\/sq\/wp-json\/wp\/v2\/pages\/12319\/revisions"}],"predecessor-version":[{"id":12356,"href":"https:\/\/kosovaideas.com\/sq\/wp-json\/wp\/v2\/pages\/12319\/revisions\/12356"}],"wp:attachment":[{"href":"https:\/\/kosovaideas.com\/sq\/wp-json\/wp\/v2\/media?parent=12319"}],"curies":[{"name":"wp","href":"https:\/\/api.w.org\/{rel}","templated":true}]}}